{"id":542,"date":"2019-12-16T03:14:55","date_gmt":"2019-12-16T02:14:55","guid":{"rendered":"https:\/\/elementor4.thembay.com\/kera\/?post_type=product&#038;p=542"},"modified":"2024-01-26T21:30:48","modified_gmt":"2024-01-26T20:30:48","slug":"ensemble-costume-africain","status":"publish","type":"product","link":"https:\/\/bornagolhabillement.com\/index.php\/product\/ensemble-costume-africain\/","title":{"rendered":"Ensemble Costume Africain"},"content":{"rendered":"\t\t<div data-elementor-type=\"wp-post\" data-elementor-id=\"542\" class=\"elementor elementor-542\">\n\t\t\t\t\t\t<section class=\"elementor-section elementor-top-section elementor-element elementor-element-1955132 elementor-section-boxed elementor-section-height-default elementor-section-height-default\" data-id=\"1955132\" data-element_type=\"section\" data-e-type=\"section\">\n\t\t\t\t\t\t<div class=\"elementor-container elementor-column-gap-default\">\n\t\t\t\t\t<div class=\"elementor-column elementor-col-50 elementor-top-column elementor-element elementor-element-9902067\" data-id=\"9902067\" data-element_type=\"column\" data-e-type=\"column\">\n\t\t\t<div class=\"elementor-widget-wrap elementor-element-populated\">\n\t\t\t\t\t\t<div class=\"elementor-element elementor-element-4da7e40 elementor-widget elementor-widget-text-editor\" data-id=\"4da7e40\" data-element_type=\"widget\" data-e-type=\"widget\" data-widget_type=\"text-editor.default\">\n\t\t\t\t<div class=\"elementor-widget-container\">\n\t\t\t\t\t\t\t\t\t<p>Lorem ipsum dolor sit amet, consectetur adipiscing elit. Fusce interdum convallis lorem, gravida lacinia massa eleifend tempus. In hac habitasse platea dictumst. Ut aliquam justo sit amet posuere vestibulum. Morbi condimentum et ligula et lacinia. Curabitur tempus pulvinar augue, vel malesuada erat tempus et. Praesent nec ornare enim. Quisque rhoncus mi venenatis nulla feugiat, ut eleifend nunc placerat.<\/p>\t\t\t\t\t\t\t\t<\/div>\n\t\t\t\t<\/div>\n\t\t\t\t<div class=\"elementor-element elementor-element-14f9c8e elementor-widget elementor-widget-text-editor\" data-id=\"14f9c8e\" data-element_type=\"widget\" data-e-type=\"widget\" data-widget_type=\"text-editor.default\">\n\t\t\t\t<div class=\"elementor-widget-container\">\n\t\t\t\t\t\t\t\t\t<p>Lorem ipsum dolor sit amet, consectetur adipiscing elit. Fusce interdum convallis lorem, gravida lacinia massa eleifend tempus.<\/p>\t\t\t\t\t\t\t\t<\/div>\n\t\t\t\t<\/div>\n\t\t\t\t<div class=\"elementor-element elementor-element-13f35bf elementor-widget elementor-widget-text-editor\" data-id=\"13f35bf\" data-element_type=\"widget\" data-e-type=\"widget\" data-widget_type=\"text-editor.default\">\n\t\t\t\t<div class=\"elementor-widget-container\">\n\t\t\t\t\t\t\t\t\t<p>Fusce interdum convallis lorem, gravida lacinia massa eleifend tempus. In hac habitasse platea dictumst. Ut aliquam justo sit amet posuere vestibulum. Morbi condimentum et ligula et lacinia. Curabitur tempus pulvinar augue, vel malesuada erat tempus et<\/p>\t\t\t\t\t\t\t\t<\/div>\n\t\t\t\t<\/div>\n\t\t\t\t<div class=\"elementor-element elementor-element-9afdc7b elementor-widget elementor-widget-text-editor\" data-id=\"9afdc7b\" data-element_type=\"widget\" data-e-type=\"widget\" data-widget_type=\"text-editor.default\">\n\t\t\t\t<div class=\"elementor-widget-container\">\n\t\t\t\t\t\t\t\t\t<p>Ut aliquam justo sit amet posuere vestibulum. Morbi condimentum et ligula et lacinia. Curabitur tempus pulvinar augue, vel malesuada erat tempus et<\/p>\t\t\t\t\t\t\t\t<\/div>\n\t\t\t\t<\/div>\n\t\t\t\t\t<\/div>\n\t\t<\/div>\n\t\t\t\t<div class=\"elementor-column elementor-col-50 elementor-top-column elementor-element elementor-element-34bf351\" data-id=\"34bf351\" data-element_type=\"column\" data-e-type=\"column\">\n\t\t\t<div class=\"elementor-widget-wrap elementor-element-populated\">\n\t\t\t\t\t\t<div class=\"elementor-element elementor-element-3b0d483 elementor-widget elementor-widget-image\" data-id=\"3b0d483\" data-element_type=\"widget\" data-e-type=\"widget\" data-widget_type=\"image.default\">\n\t\t\t\t<div class=\"elementor-widget-container\">\n\t\t\t\t\t\t\t\t\t\t\t\t\t\t\t<img decoding=\"async\" src=\"https:\/\/elementor4.thembay.com\/kera\/wp-content\/uploads\/2019\/12\/product-08.jpg\" title=\"\" alt=\"\" loading=\"lazy\" \/>\t\t\t\t\t\t\t\t\t\t\t\t\t\t\t<\/div>\n\t\t\t\t<\/div>\n\t\t\t\t\t<\/div>\n\t\t<\/div>\n\t\t\t\t\t<\/div>\n\t\t<\/section>\n\t\t\t\t<\/div>\n\t\t","protected":false},"excerpt":{"rendered":"<ul>\n<li>Ensemble costume Africain, l\u00e9ger, pratique et tr\u00e8s \u00e9l\u00e9gant pour tout type d&#8217;\u00e9v\u00e9nements et d&#8217;occasions. Il est classe et chic \u00e0 la fois avec du tissu 100% coton.<\/li>\n<\/ul>\n","protected":false},"featured_media":2971,"comment_status":"open","ping_status":"closed","template":"","meta":{"jetpack_publicize_message":"","jetpack_publicize_feature_enabled":true,"jetpack_social_post_already_shared":false,"jetpack_social_options":{"image_generator_settings":{"template":"highway","default_image_id":0,"font":"","enabled":false},"version":2}},"product_brand":[],"product_cat":[92,91],"product_tag":[],"class_list":{"0":"post-542","1":"product","2":"type-product","3":"status-publish","4":"has-post-thumbnail","6":"product_cat-ensemble-costume-africain","7":"product_cat-vetements","8":"pa_color-light-blue","9":"pa_color-black","12":"instock","13":"shipping-taxable","14":"purchasable","15":"product-type-simple"},"jetpack_publicize_connections":[],"jetpack_sharing_enabled":true,"_links":{"self":[{"href":"https:\/\/bornagolhabillement.com\/index.php\/wp-json\/wp\/v2\/product\/542","targetHints":{"allow":["GET"]}}],"collection":[{"href":"https:\/\/bornagolhabillement.com\/index.php\/wp-json\/wp\/v2\/product"}],"about":[{"href":"https:\/\/bornagolhabillement.com\/index.php\/wp-json\/wp\/v2\/types\/product"}],"replies":[{"embeddable":true,"href":"https:\/\/bornagolhabillement.com\/index.php\/wp-json\/wp\/v2\/comments?post=542"}],"version-history":[{"count":4,"href":"https:\/\/bornagolhabillement.com\/index.php\/wp-json\/wp\/v2\/product\/542\/revisions"}],"predecessor-version":[{"id":3035,"href":"https:\/\/bornagolhabillement.com\/index.php\/wp-json\/wp\/v2\/product\/542\/revisions\/3035"}],"wp:featuredmedia":[{"embeddable":true,"href":"https:\/\/bornagolhabillement.com\/index.php\/wp-json\/wp\/v2\/media\/2971"}],"wp:attachment":[{"href":"https:\/\/bornagolhabillement.com\/index.php\/wp-json\/wp\/v2\/media?parent=542"}],"wp:term":[{"taxonomy":"product_brand","embeddable":true,"href":"https:\/\/bornagolhabillement.com\/index.php\/wp-json\/wp\/v2\/product_brand?post=542"},{"taxonomy":"product_cat","embeddable":true,"href":"https:\/\/bornagolhabillement.com\/index.php\/wp-json\/wp\/v2\/product_cat?post=542"},{"taxonomy":"product_tag","embeddable":true,"href":"https:\/\/bornagolhabillement.com\/index.php\/wp-json\/wp\/v2\/product_tag?post=542"}],"curies":[{"name":"wp","href":"https:\/\/api.w.org\/{rel}","templated":true}]}}