{"id":334,"date":"2019-12-16T02:44:50","date_gmt":"2019-12-16T02:44:50","guid":{"rendered":"https:\/\/elementor4.thembay.com\/kera\/?page_id=334"},"modified":"2019-12-16T02:44:50","modified_gmt":"2019-12-16T02:44:50","slug":"product-attribute","status":"publish","type":"page","link":"https:\/\/bornagolhabillement.com\/index.php\/product-attribute\/","title":{"rendered":"Product Attribute"},"content":{"rendered":"\t\t<div data-elementor-type=\"wp-page\" data-elementor-id=\"334\" class=\"elementor elementor-334\">\n\t\t\t\t\t\t<section class=\"elementor-section elementor-top-section elementor-element elementor-element-0662b6c elementor-section-stretched elementor-section-boxed elementor-section-height-default elementor-section-height-default\" data-id=\"0662b6c\" data-element_type=\"section\" data-e-type=\"section\" data-settings=\"{&quot;stretch_section&quot;:&quot;section-stretched&quot;}\">\n\t\t\t\t\t\t<div class=\"elementor-container elementor-column-gap-default\">\n\t\t\t\t\t<div class=\"elementor-column elementor-col-100 elementor-top-column elementor-element elementor-element-c89e8fe\" data-id=\"c89e8fe\" data-element_type=\"column\" data-e-type=\"column\">\n\t\t\t<div class=\"elementor-widget-wrap elementor-element-populated\">\n\t\t\t\t\t\t<div class=\"elementor-element elementor-element-f80b751 elementor-widget elementor-widget-shortcode\" data-id=\"f80b751\" data-element_type=\"widget\" data-e-type=\"widget\" data-widget_type=\"shortcode.default\">\n\t\t\t\t<div class=\"elementor-widget-container\">\n\t\t\t\t\t\t\t<div class=\"elementor-shortcode\"><div class=\"woocommerce columns-4 \"><div class=\"display-products products products-grid\"><div class=\"row\"  data-xlgdesktop=3 data-desktop=3 data-desktopsmall=3 data-tablet=3 data-landscape=3 data-mobile=2>\r\n\r\n<div class=\"product type-product post-983 status-publish first instock product_cat-ensemble-costume-africain product_cat-vetements has-post-thumbnail shipping-taxable purchasable product-type-variable has-default-attributes\">\r\n\t \t<div class=\"product-block grid product v1\" data-product-id=\"983\">\r\n\t<div class=\"product-content\">\r\n\t\t<div class=\"block-inner\">\r\n\t\t\t<figure class=\"image has-slider-gallery\">\r\n\t\t\t\t<a title=\"Costume Africain bouton\" href=\"https:\/\/bornagolhabillement.com\/index.php\/product\/costume-africain-bouton\/\" class=\"product-image\">\r\n\t\t\t\t\t\t\t\t\t\t\r\n\t\t\t\t<\/a>\r\n\r\n\t\t\t\t<div class=\"tbay-product-slider-gallery\"><div class=\"gallery_item first tbay-image-loaded\"><img fetchpriority=\"high\" decoding=\"async\" width=\"270\" height=\"315\" src=\"https:\/\/bornagolhabillement.com\/wp-content\/uploads\/2023\/12\/img_7406-270x315.jpeg\" class=\"item-slider\" alt=\"\" \/><\/div><div class=\"gallery_item tbay-image-loaded\"><img decoding=\"async\" width=\"270\" height=\"315\" src=\"https:\/\/bornagolhabillement.com\/wp-content\/uploads\/2023\/12\/img_7415-270x315.jpeg\" class=\"item-slider\" alt=\"\" \/><\/div><div class=\"gallery_item tbay-image-loaded\"><img decoding=\"async\" width=\"270\" height=\"315\" src=\"https:\/\/bornagolhabillement.com\/wp-content\/uploads\/2023\/12\/img_7417-270x315.jpeg\" class=\"item-slider\" alt=\"\" \/><\/div><\/div>\t\t\t\t\t\t\t<\/figure>\r\n\t\t\t<div class=\"group-buttons\">\t\r\n\t\t\t\t<div class=\"add-cart\" title=\"Choix des options\" ><a href=\"https:\/\/bornagolhabillement.com\/index.php\/product\/costume-africain-bouton\/\" data-quantity=\"1\" class=\"button product_type_variable add_to_cart_button\" data-product_id=\"983\" data-product_sku=\"\" aria-label=\"S\u00e9lectionner les options pour &ldquo;Costume Africain bouton&rdquo;\" rel=\"nofollow\"><i class=\"icon-handbag\"><\/i><span class=\"title-cart\">Choix des options<\/span><\/a><\/div>\r\n\t\t\t\t<div class=\"button-wishlist shown-mobile\" title=\"Wishlist\">\n<div\n\tclass=\"yith-wcwl-add-to-wishlist add-to-wishlist-983 yith-wcwl-add-to-wishlist--link-style wishlist-fragment on-first-load\"\n\tdata-fragment-ref=\"983\"\n\tdata-fragment-options=\"{&quot;base_url&quot;:&quot;&quot;,&quot;product_id&quot;:983,&quot;parent_product_id&quot;:0,&quot;product_type&quot;:&quot;variable&quot;,&quot;is_single&quot;:false,&quot;in_default_wishlist&quot;:false,&quot;show_view&quot;:false,&quot;browse_wishlist_text&quot;:&quot;Parcourir la liste de souhaits&quot;,&quot;already_in_wishslist_text&quot;:&quot;Le produit est d\\u00e9j\\u00e0 dans votre liste de souhaits!&quot;,&quot;product_added_text&quot;:&quot;Produit ajout\\u00e9!&quot;,&quot;available_multi_wishlist&quot;:false,&quot;disable_wishlist&quot;:false,&quot;show_count&quot;:false,&quot;ajax_loading&quot;:false,&quot;loop_position&quot;:&quot;after_add_to_cart&quot;,&quot;item&quot;:&quot;add_to_wishlist&quot;}\"\n>\n\t\t\t\n\t\t\t<!-- ADD TO WISHLIST -->\n\t\t\t\n<div class=\"yith-wcwl-add-button\">\n\t\t<a\n\t\thref=\"?add_to_wishlist=983&#038;_wpnonce=4470814074\"\n\t\tclass=\"add_to_wishlist single_add_to_wishlist\"\n\t\tdata-product-id=\"983\"\n\t\tdata-product-type=\"variable\"\n\t\tdata-original-product-id=\"0\"\n\t\tdata-title=\"Ajouter \u00e0 la liste de souhaits\"\n\t\trel=\"nofollow\"\n\t>\n\t\t\t\t<span>Ajouter \u00e0 la liste de souhaits<\/span>\n\t<\/a>\n<\/div>\n\n\t\t\t<!-- COUNT TEXT -->\n\t\t\t\n\t\t\t<\/div>\n<\/div>            <div class=\"tbay-quick-view\">\r\n                <a href=\"#\" class=\"qview-button\" title =\"Quick View\" data-effect=\"mfp-move-from-top\" data-product_id=\"983\" data-toggle=\"modal\" data-target=\"#tbay-quickview-modal\">\r\n                    <i class=\"icon-eye\"><\/i>\r\n                    <span>Quick View<\/span>\r\n                <\/a>\r\n            <\/div>\r\n            \t    \t<\/div>\r\n\t\t<\/div>\r\n\t\t<div class=\"caption\">\r\n\t\t\t\r\n\t\t\t        <h3 class=\"name full_name\"><a href=\"https:\/\/bornagolhabillement.com\/index.php\/product\/costume-africain-bouton\/\">Costume Africain bouton<\/a><\/h3>\r\n        \r\n\t\t\t\r\n<div class=\"rating \">\r\n\t\t\t<div class=\"star-rating\" role=\"img\" aria-label=\"Note 3.33 sur 5\"><span style=\"width:66.6%\">Note <strong class=\"rating\">3.33<\/strong> sur 5<\/span><\/div>\t\t<div class=\"count\"><span>3<\/span><\/div>\r\n\t<\/div>\n\t<span class=\"price\"><span class=\"woocommerce-Price-amount amount\"><bdi>85,00&nbsp;<span class=\"woocommerce-Price-currencySymbol\">&euro;<\/span><\/bdi><\/span><\/span>\n\r\n            <div class=\"tbay-swatches-wrapper\"><ul data-attribute_name=\"attribute_pa_color\"><li><a href=\"javascript:void(0)\" class=\"swatch-has-image variable-item-span-color swatch swatch-light-blue\" style=\"background-color:#5087bf\" data-image-src=\"https:\/\/bornagolhabillement.com\/wp-content\/uploads\/2023\/12\/img_7406-270x315.jpeg\" data-image-srcset=\"\" data-image-sizes=\"(max-width: 600px) 100vw, 600px\"  data-toggle=\"tooltip\" title=\"\"><\/a><\/li><li><a href=\"javascript:void(0)\" class=\"swatch-has-image variable-item-span-color swatch swatch-grey\" style=\"background-color:#e5e5e5\" data-image-src=\"https:\/\/bornagolhabillement.com\/wp-content\/uploads\/2023\/12\/img_7406-270x315.jpeg\" data-image-srcset=\"\" data-image-sizes=\"(max-width: 600px) 100vw, 600px\"  data-toggle=\"tooltip\" title=\"\"><\/a><\/li><li><a href=\"javascript:void(0)\" class=\"swatch-has-image variable-item-span-color swatch swatch-gray-gold\" style=\"background-color:#dda54f\" data-image-src=\"https:\/\/bornagolhabillement.com\/wp-content\/uploads\/2023\/12\/img_7406-270x315.jpeg\" data-image-srcset=\"\" data-image-sizes=\"(max-width: 600px) 100vw, 600px\"  data-toggle=\"tooltip\" title=\"\"><\/a><\/li><li><a href=\"javascript:void(0)\" class=\"swatch-has-image variable-item-span-color swatch swatch-black\" style=\"background-color:#000000\" data-image-src=\"https:\/\/bornagolhabillement.com\/wp-content\/uploads\/2023\/12\/img_7406-270x315.jpeg\" data-image-srcset=\"\" data-image-sizes=\"(max-width: 600px) 100vw, 600px\"  data-toggle=\"tooltip\" title=\"\"><\/a><\/li><li><a href=\"javascript:void(0)\" class=\"swatch-has-image variable-item-span-color swatch swatch-green\" style=\"background-color:#81d742\" data-image-src=\"https:\/\/bornagolhabillement.com\/wp-content\/uploads\/2023\/12\/img_7406-270x315.jpeg\" data-image-srcset=\"\" data-image-sizes=\"(max-width: 600px) 100vw, 600px\"  data-toggle=\"tooltip\" title=\"\"><\/a><\/li><li><a href=\"javascript:void(0)\" class=\"swatch-has-image variable-item-span-color swatch swatch-blanc\" style=\"background-color:#ffffff\" data-image-src=\"https:\/\/bornagolhabillement.com\/wp-content\/uploads\/2023\/12\/img_7406-270x315.jpeg\" data-image-srcset=\"\" data-image-sizes=\"(max-width: 600px) 100vw, 600px\"  data-toggle=\"tooltip\" title=\"\"><\/a><\/li><\/ul><\/div>\r\n            \t\t<\/div>\r\n    <\/div>\r\n        <\/div>\r\n<\/div>\r\n\r\n\r\n<div class=\"product type-product post-3569 status-publish instock product_cat-ensemble-2-pieces-traditionnelles product_cat-vetements has-post-thumbnail shipping-taxable purchasable product-type-simple\">\r\n\t \t<div class=\"product-block grid product v1\" data-product-id=\"3569\">\r\n\t<div class=\"product-content\">\r\n\t\t<div class=\"block-inner\">\r\n\t\t\t<figure class=\"image has-slider-gallery\">\r\n\t\t\t\t<a title=\"Enfant  2 PCS Broderie\" href=\"https:\/\/bornagolhabillement.com\/index.php\/product\/ensemble-2-pcs-traditionnelles-broderie-2\/\" class=\"product-image\">\r\n\t\t\t\t\t\t\t\t\t\t\r\n\t\t\t\t<\/a>\r\n\r\n\t\t\t\t<div class=\"tbay-product-slider-gallery\"><div class=\"gallery_item first tbay-image-loaded\"><img loading=\"lazy\" decoding=\"async\" width=\"270\" height=\"315\" src=\"https:\/\/bornagolhabillement.com\/wp-content\/uploads\/2023\/12\/img_7345-270x315.jpeg\" class=\"item-slider\" alt=\"\" \/><\/div><div class=\"gallery_item tbay-image-loaded\"><img loading=\"lazy\" decoding=\"async\" width=\"270\" height=\"315\" src=\"https:\/\/bornagolhabillement.com\/wp-content\/uploads\/2023\/12\/img_7350-270x315.jpeg\" class=\"item-slider\" alt=\"\" \/><\/div><div class=\"gallery_item tbay-image-loaded\"><img loading=\"lazy\" decoding=\"async\" width=\"270\" height=\"315\" src=\"https:\/\/bornagolhabillement.com\/wp-content\/uploads\/2023\/12\/img_7346-270x315.jpeg\" class=\"item-slider\" alt=\"\" \/><\/div><\/div>\t\t\t\t\t\t\t<\/figure>\r\n\t\t\t<div class=\"group-buttons\">\t\r\n\t\t\t\t<div class=\"add-cart\" title=\"Ajouter au panier\" ><a href=\"\/index.php\/wp-json\/wp\/v2\/pages\/334?add-to-cart=3569\" data-quantity=\"1\" class=\"button product_type_simple add_to_cart_button ajax_add_to_cart\" data-product_id=\"3569\" data-product_sku=\"\" aria-label=\"Ajouter au panier\u00a0: &ldquo;Enfant  2 PCS Broderie&rdquo;\" rel=\"nofollow\" data-success_message=\"\u00ab\u00a0Enfant  2 PCS Broderie\u00a0\u00bb a \u00e9t\u00e9 ajout\u00e9 \u00e0 votre panier\" role=\"button\"><i class=\"icon-handbag\"><\/i><span class=\"title-cart\">Ajouter au panier<\/span><\/a><\/div>\r\n\t\t\t\t<div class=\"button-wishlist shown-mobile\" title=\"Wishlist\">\n<div\n\tclass=\"yith-wcwl-add-to-wishlist add-to-wishlist-3569 yith-wcwl-add-to-wishlist--link-style wishlist-fragment on-first-load\"\n\tdata-fragment-ref=\"3569\"\n\tdata-fragment-options=\"{&quot;base_url&quot;:&quot;&quot;,&quot;product_id&quot;:3569,&quot;parent_product_id&quot;:0,&quot;product_type&quot;:&quot;simple&quot;,&quot;is_single&quot;:false,&quot;in_default_wishlist&quot;:false,&quot;show_view&quot;:false,&quot;browse_wishlist_text&quot;:&quot;Parcourir la liste de souhaits&quot;,&quot;already_in_wishslist_text&quot;:&quot;Le produit est d\\u00e9j\\u00e0 dans votre liste de souhaits!&quot;,&quot;product_added_text&quot;:&quot;Produit ajout\\u00e9!&quot;,&quot;available_multi_wishlist&quot;:false,&quot;disable_wishlist&quot;:false,&quot;show_count&quot;:false,&quot;ajax_loading&quot;:false,&quot;loop_position&quot;:&quot;after_add_to_cart&quot;,&quot;item&quot;:&quot;add_to_wishlist&quot;}\"\n>\n\t\t\t\n\t\t\t<!-- ADD TO WISHLIST -->\n\t\t\t\n<div class=\"yith-wcwl-add-button\">\n\t\t<a\n\t\thref=\"?add_to_wishlist=3569&#038;_wpnonce=4470814074\"\n\t\tclass=\"add_to_wishlist single_add_to_wishlist\"\n\t\tdata-product-id=\"3569\"\n\t\tdata-product-type=\"simple\"\n\t\tdata-original-product-id=\"0\"\n\t\tdata-title=\"Ajouter \u00e0 la liste de souhaits\"\n\t\trel=\"nofollow\"\n\t>\n\t\t\t\t<span>Ajouter \u00e0 la liste de souhaits<\/span>\n\t<\/a>\n<\/div>\n\n\t\t\t<!-- COUNT TEXT -->\n\t\t\t\n\t\t\t<\/div>\n<\/div>            <div class=\"tbay-quick-view\">\r\n                <a href=\"#\" class=\"qview-button\" title =\"Quick View\" data-effect=\"mfp-move-from-top\" data-product_id=\"3569\" data-toggle=\"modal\" data-target=\"#tbay-quickview-modal\">\r\n                    <i class=\"icon-eye\"><\/i>\r\n                    <span>Quick View<\/span>\r\n                <\/a>\r\n            <\/div>\r\n            \t    \t<\/div>\r\n\t\t<\/div>\r\n\t\t<div class=\"caption\">\r\n\t\t\t\r\n\t\t\t        <h3 class=\"name full_name\"><a href=\"https:\/\/bornagolhabillement.com\/index.php\/product\/ensemble-2-pcs-traditionnelles-broderie-2\/\">Enfant  2 PCS Broderie<\/a><\/h3>\r\n        \r\n\t\t\t\r\n<div class=\"rating no-rate\">\r\n\t\t<div class=\"star-rating\">\r\n\t<\/div>\r\n\t<div class=\"count\">0<\/div>\r\n\t<\/div>\n\t<span class=\"price\"><span class=\"woocommerce-Price-amount amount\"><bdi>50,00&nbsp;<span class=\"woocommerce-Price-currencySymbol\">&euro;<\/span><\/bdi><\/span><\/span>\n\t\t<\/div>\r\n    <\/div>\r\n        <\/div>\r\n<\/div>\r\n\r\n\r\n<div class=\"product type-product post-3236 status-publish instock product_cat-uncategorized has-post-thumbnail shipping-taxable purchasable product-type-variable\">\r\n\t \t<div class=\"product-block grid product v1\" data-product-id=\"3236\">\r\n\t<div class=\"product-content\">\r\n\t\t<div class=\"block-inner\">\r\n\t\t\t<figure class=\"image has-slider-gallery\">\r\n\t\t\t\t<a title=\"Ensemble 2 PCS Lin\" href=\"https:\/\/bornagolhabillement.com\/index.php\/product\/ensemble-2-pcs-lin\/\" class=\"product-image\">\r\n\t\t\t\t\t\t\t\t\t\t\r\n\t\t\t\t<\/a>\r\n\r\n\t\t\t\t<div class=\"tbay-product-slider-gallery\"><div class=\"gallery_item first tbay-image-loaded\"><img loading=\"lazy\" decoding=\"async\" width=\"270\" height=\"315\" src=\"https:\/\/bornagolhabillement.com\/wp-content\/uploads\/2024\/01\/3798ea0f-e481-4216-833c-b0229eae8dbf-270x315.jpeg\" class=\"item-slider\" alt=\"\" \/><\/div><div class=\"gallery_item tbay-image-loaded\"><img loading=\"lazy\" decoding=\"async\" width=\"270\" height=\"315\" src=\"https:\/\/bornagolhabillement.com\/wp-content\/uploads\/2024\/01\/35f03689-bfba-467c-b62c-9a3aa3adb284-270x315.jpeg\" class=\"item-slider\" alt=\"\" \/><\/div><\/div>\t\t\t\t\t\t\t<\/figure>\r\n\t\t\t<div class=\"group-buttons\">\t\r\n\t\t\t\t<div class=\"add-cart\" title=\"Choix des options\" ><a href=\"https:\/\/bornagolhabillement.com\/index.php\/product\/ensemble-2-pcs-lin\/\" data-quantity=\"1\" class=\"button product_type_variable add_to_cart_button\" data-product_id=\"3236\" data-product_sku=\"\" aria-label=\"S\u00e9lectionner les options pour &ldquo;Ensemble 2 PCS Lin&rdquo;\" rel=\"nofollow\"><i class=\"icon-handbag\"><\/i><span class=\"title-cart\">Choix des options<\/span><\/a><\/div>\r\n\t\t\t\t<div class=\"button-wishlist shown-mobile\" title=\"Wishlist\">\n<div\n\tclass=\"yith-wcwl-add-to-wishlist add-to-wishlist-3236 yith-wcwl-add-to-wishlist--link-style wishlist-fragment on-first-load\"\n\tdata-fragment-ref=\"3236\"\n\tdata-fragment-options=\"{&quot;base_url&quot;:&quot;&quot;,&quot;product_id&quot;:3236,&quot;parent_product_id&quot;:0,&quot;product_type&quot;:&quot;variable&quot;,&quot;is_single&quot;:false,&quot;in_default_wishlist&quot;:false,&quot;show_view&quot;:false,&quot;browse_wishlist_text&quot;:&quot;Parcourir la liste de souhaits&quot;,&quot;already_in_wishslist_text&quot;:&quot;Le produit est d\\u00e9j\\u00e0 dans votre liste de souhaits!&quot;,&quot;product_added_text&quot;:&quot;Produit ajout\\u00e9!&quot;,&quot;available_multi_wishlist&quot;:false,&quot;disable_wishlist&quot;:false,&quot;show_count&quot;:false,&quot;ajax_loading&quot;:false,&quot;loop_position&quot;:&quot;after_add_to_cart&quot;,&quot;item&quot;:&quot;add_to_wishlist&quot;}\"\n>\n\t\t\t\n\t\t\t<!-- ADD TO WISHLIST -->\n\t\t\t\n<div class=\"yith-wcwl-add-button\">\n\t\t<a\n\t\thref=\"?add_to_wishlist=3236&#038;_wpnonce=4470814074\"\n\t\tclass=\"add_to_wishlist single_add_to_wishlist\"\n\t\tdata-product-id=\"3236\"\n\t\tdata-product-type=\"variable\"\n\t\tdata-original-product-id=\"0\"\n\t\tdata-title=\"Ajouter \u00e0 la liste de souhaits\"\n\t\trel=\"nofollow\"\n\t>\n\t\t\t\t<span>Ajouter \u00e0 la liste de souhaits<\/span>\n\t<\/a>\n<\/div>\n\n\t\t\t<!-- COUNT TEXT -->\n\t\t\t\n\t\t\t<\/div>\n<\/div>            <div class=\"tbay-quick-view\">\r\n                <a href=\"#\" class=\"qview-button\" title =\"Quick View\" data-effect=\"mfp-move-from-top\" data-product_id=\"3236\" data-toggle=\"modal\" data-target=\"#tbay-quickview-modal\">\r\n                    <i class=\"icon-eye\"><\/i>\r\n                    <span>Quick View<\/span>\r\n                <\/a>\r\n            <\/div>\r\n            \t    \t<\/div>\r\n\t\t<\/div>\r\n\t\t<div class=\"caption\">\r\n\t\t\t\r\n\t\t\t        <h3 class=\"name full_name\"><a href=\"https:\/\/bornagolhabillement.com\/index.php\/product\/ensemble-2-pcs-lin\/\">Ensemble 2 PCS Lin<\/a><\/h3>\r\n        \r\n\t\t\t\r\n<div class=\"rating no-rate\">\r\n\t\t<div class=\"star-rating\">\r\n\t<\/div>\r\n\t<div class=\"count\">0<\/div>\r\n\t<\/div>\n\t<span class=\"price\"><span class=\"woocommerce-Price-amount amount\"><bdi>85,00&nbsp;<span class=\"woocommerce-Price-currencySymbol\">&euro;<\/span><\/bdi><\/span><\/span>\n\r\n            <div class=\"tbay-swatches-wrapper\"><ul data-attribute_name=\"attribute_pa_color\"><\/ul><\/div>\r\n            \t\t<\/div>\r\n    <\/div>\r\n        <\/div>\r\n<\/div>\r\n\r\n\r\n<div class=\"product type-product post-560 status-publish last instock product_cat-collection-mbaarodi product_cat-vetements has-post-thumbnail featured shipping-taxable purchasable product-type-variable\">\r\n\t \t<div class=\"product-block grid product v1\" data-product-id=\"560\">\r\n\t<div class=\"product-content\">\r\n\t\t<div class=\"block-inner\">\r\n\t\t\t<figure class=\"image has-slider-gallery\">\r\n\t\t\t\t<a title=\"Ensemble 2 PCS Mbaarodi\" href=\"https:\/\/bornagolhabillement.com\/index.php\/product\/ensemble-2-pcs-mbaarodi-2\/\" class=\"product-image\">\r\n\t\t\t\t\t<span class=\"onsale\"><span class=\"featured\">Hot<\/span><\/span>\t\t\t\t\t\r\n\t\t\t\t<\/a>\r\n\r\n\t\t\t\t<div class=\"tbay-product-slider-gallery\"><div class=\"gallery_item first tbay-image-loaded\"><img loading=\"lazy\" decoding=\"async\" width=\"270\" height=\"315\" src=\"https:\/\/bornagolhabillement.com\/wp-content\/uploads\/2024\/01\/07935fe3-7d2f-454f-81f4-8b733eccca29-270x315.jpeg\" class=\"item-slider\" alt=\"\" \/><\/div><div class=\"gallery_item tbay-image-loaded\"><img loading=\"lazy\" decoding=\"async\" width=\"270\" height=\"315\" src=\"https:\/\/bornagolhabillement.com\/wp-content\/uploads\/2024\/01\/1ddb3c6d-ee36-455c-a81f-f267844d00b5-270x315.jpeg\" class=\"item-slider\" alt=\"\" \/><\/div><div class=\"gallery_item tbay-image-loaded\"><img loading=\"lazy\" decoding=\"async\" width=\"270\" height=\"315\" src=\"https:\/\/bornagolhabillement.com\/wp-content\/uploads\/2024\/01\/9b4e21e9-eec5-4121-991f-921a96ea389b-1-270x315.jpeg\" class=\"item-slider\" alt=\"\" \/><\/div><div class=\"gallery_item tbay-image-loaded\"><img loading=\"lazy\" decoding=\"async\" width=\"270\" height=\"315\" src=\"https:\/\/bornagolhabillement.com\/wp-content\/uploads\/2024\/01\/198ac93e-d864-4665-a104-0775dd0628da-1-270x315.jpeg\" class=\"item-slider\" alt=\"\" \/><\/div><\/div>\t\t\t\t\t\t\t<\/figure>\r\n\t\t\t<div class=\"group-buttons\">\t\r\n\t\t\t\t<div class=\"add-cart\" title=\"Choix des options\" ><a href=\"https:\/\/bornagolhabillement.com\/index.php\/product\/ensemble-2-pcs-mbaarodi-2\/\" data-quantity=\"1\" class=\"button product_type_variable add_to_cart_button\" data-product_id=\"560\" data-product_sku=\"\" aria-label=\"S\u00e9lectionner les options pour &ldquo;Ensemble 2 PCS Mbaarodi&rdquo;\" rel=\"nofollow\"><i class=\"icon-handbag\"><\/i><span class=\"title-cart\">Choix des options<\/span><\/a><\/div>\r\n\t\t\t\t<div class=\"button-wishlist shown-mobile\" title=\"Wishlist\">\n<div\n\tclass=\"yith-wcwl-add-to-wishlist add-to-wishlist-560 yith-wcwl-add-to-wishlist--link-style wishlist-fragment on-first-load\"\n\tdata-fragment-ref=\"560\"\n\tdata-fragment-options=\"{&quot;base_url&quot;:&quot;&quot;,&quot;product_id&quot;:560,&quot;parent_product_id&quot;:0,&quot;product_type&quot;:&quot;variable&quot;,&quot;is_single&quot;:false,&quot;in_default_wishlist&quot;:false,&quot;show_view&quot;:false,&quot;browse_wishlist_text&quot;:&quot;Parcourir la liste de souhaits&quot;,&quot;already_in_wishslist_text&quot;:&quot;Le produit est d\\u00e9j\\u00e0 dans votre liste de souhaits!&quot;,&quot;product_added_text&quot;:&quot;Produit ajout\\u00e9!&quot;,&quot;available_multi_wishlist&quot;:false,&quot;disable_wishlist&quot;:false,&quot;show_count&quot;:false,&quot;ajax_loading&quot;:false,&quot;loop_position&quot;:&quot;after_add_to_cart&quot;,&quot;item&quot;:&quot;add_to_wishlist&quot;}\"\n>\n\t\t\t\n\t\t\t<!-- ADD TO WISHLIST -->\n\t\t\t\n<div class=\"yith-wcwl-add-button\">\n\t\t<a\n\t\thref=\"?add_to_wishlist=560&#038;_wpnonce=4470814074\"\n\t\tclass=\"add_to_wishlist single_add_to_wishlist\"\n\t\tdata-product-id=\"560\"\n\t\tdata-product-type=\"variable\"\n\t\tdata-original-product-id=\"0\"\n\t\tdata-title=\"Ajouter \u00e0 la liste de souhaits\"\n\t\trel=\"nofollow\"\n\t>\n\t\t\t\t<span>Ajouter \u00e0 la liste de souhaits<\/span>\n\t<\/a>\n<\/div>\n\n\t\t\t<!-- COUNT TEXT -->\n\t\t\t\n\t\t\t<\/div>\n<\/div>            <div class=\"tbay-quick-view\">\r\n                <a href=\"#\" class=\"qview-button\" title =\"Quick View\" data-effect=\"mfp-move-from-top\" data-product_id=\"560\" data-toggle=\"modal\" data-target=\"#tbay-quickview-modal\">\r\n                    <i class=\"icon-eye\"><\/i>\r\n                    <span>Quick View<\/span>\r\n                <\/a>\r\n            <\/div>\r\n            \t    \t<\/div>\r\n\t\t<\/div>\r\n\t\t<div class=\"caption\">\r\n\t\t\t\r\n\t\t\t        <h3 class=\"name full_name\"><a href=\"https:\/\/bornagolhabillement.com\/index.php\/product\/ensemble-2-pcs-mbaarodi-2\/\">Ensemble 2 PCS Mbaarodi<\/a><\/h3>\r\n        \r\n\t\t\t\r\n<div class=\"rating \">\r\n\t\t\t<div class=\"star-rating\" role=\"img\" aria-label=\"Note 4.50 sur 5\"><span style=\"width:90%\">Note <strong class=\"rating\">4.50<\/strong> sur 5<\/span><\/div>\t\t<div class=\"count\"><span>2<\/span><\/div>\r\n\t<\/div>\n\t<span class=\"price\"><span class=\"woocommerce-Price-amount amount\"><bdi>95,00&nbsp;<span class=\"woocommerce-Price-currencySymbol\">&euro;<\/span><\/bdi><\/span><\/span>\n\r\n            <div class=\"tbay-swatches-wrapper\"><ul data-attribute_name=\"attribute_pa_color\"><li><a href=\"javascript:void(0)\" class=\"swatch-has-image variable-item-span-color swatch swatch-black\" style=\"background-color:#000000\" data-image-src=\"https:\/\/bornagolhabillement.com\/wp-content\/uploads\/2024\/01\/07935fe3-7d2f-454f-81f4-8b733eccca29-270x315.jpeg\" data-image-srcset=\"\" data-image-sizes=\"(max-width: 600px) 100vw, 600px\"  data-toggle=\"tooltip\" title=\"\"><\/a><\/li><li><a href=\"javascript:void(0)\" class=\"swatch-has-image variable-item-span-color swatch swatch-green\" style=\"background-color:#81d742\" data-image-src=\"https:\/\/bornagolhabillement.com\/wp-content\/uploads\/2024\/01\/07935fe3-7d2f-454f-81f4-8b733eccca29-270x315.jpeg\" data-image-srcset=\"\" data-image-sizes=\"(max-width: 600px) 100vw, 600px\"  data-toggle=\"tooltip\" title=\"\"><\/a><\/li><li><a href=\"javascript:void(0)\" class=\"swatch-has-image variable-item-span-color swatch swatch-blanc\" style=\"background-color:#ffffff\" data-image-src=\"https:\/\/bornagolhabillement.com\/wp-content\/uploads\/2024\/01\/07935fe3-7d2f-454f-81f4-8b733eccca29-270x315.jpeg\" data-image-srcset=\"\" data-image-sizes=\"(max-width: 600px) 100vw, 600px\"  data-toggle=\"tooltip\" title=\"\"><\/a><\/li><\/ul><\/div>\r\n            \t\t<\/div>\r\n    <\/div>\r\n        <\/div>\r\n<\/div>\r\n\r\n<\/div><\/div><\/div><\/div>\n\t\t\t\t\t\t<\/div>\n\t\t\t\t<\/div>\n\t\t\t\t\t<\/div>\n\t\t<\/div>\n\t\t\t\t\t<\/div>\n\t\t<\/section>\n\t\t\t\t<\/div>\n\t\t","protected":false},"excerpt":{"rendered":"","protected":false},"author":1,"featured_media":0,"parent":0,"menu_order":0,"comment_status":"closed","ping_status":"closed","template":"","meta":{"footnotes":""},"class_list":["post-334","page","type-page","status-publish","hentry"],"jetpack_sharing_enabled":true,"_links":{"self":[{"href":"https:\/\/bornagolhabillement.com\/index.php\/wp-json\/wp\/v2\/pages\/334","targetHints":{"allow":["GET"]}}],"collection":[{"href":"https:\/\/bornagolhabillement.com\/index.php\/wp-json\/wp\/v2\/pages"}],"about":[{"href":"https:\/\/bornagolhabillement.com\/index.php\/wp-json\/wp\/v2\/types\/page"}],"author":[{"embeddable":true,"href":"https:\/\/bornagolhabillement.com\/index.php\/wp-json\/wp\/v2\/users\/1"}],"replies":[{"embeddable":true,"href":"https:\/\/bornagolhabillement.com\/index.php\/wp-json\/wp\/v2\/comments?post=334"}],"version-history":[{"count":0,"href":"https:\/\/bornagolhabillement.com\/index.php\/wp-json\/wp\/v2\/pages\/334\/revisions"}],"wp:attachment":[{"href":"https:\/\/bornagolhabillement.com\/index.php\/wp-json\/wp\/v2\/media?parent=334"}],"curies":[{"name":"wp","href":"https:\/\/api.w.org\/{rel}","templated":true}]}}